{"id":1628,"date":"2025-09-26T13:43:58","date_gmt":"2025-09-26T11:43:58","guid":{"rendered":"http:\/\/lmvworld.com\/pdr\/"},"modified":"2026-03-09T15:43:59","modified_gmt":"2026-03-09T14:43:59","slug":"pdr","status":"publish","type":"page","link":"https:\/\/lmvworld.com\/fr\/pdr\/","title":{"rendered":"Pdr"},"content":{"rendered":"\t\t<div data-elementor-type=\"wp-page\" data-elementor-id=\"1628\" class=\"elementor elementor-1628 elementor-25\" data-elementor-post-type=\"page\">\n\t\t\t\t<div class=\"elementor-element elementor-element-e9f410c e-con-full e-flex e-con e-parent\" data-id=\"e9f410c\" data-element_type=\"container\" data-e-type=\"container\" data-settings=\"{&quot;background_background&quot;:&quot;classic&quot;,&quot;jet_parallax_layout_list&quot;:[]}\">\n\t\t\t\t<\/div>\n\t\t<div class=\"elementor-element elementor-element-efa3fb3 e-flex e-con-boxed e-con e-parent\" data-id=\"efa3fb3\" data-element_type=\"container\" data-e-type=\"container\" data-settings=\"{&quot;jet_parallax_layout_list&quot;:[]}\">\n\t\t\t\t\t<div class=\"e-con-inner\">\n\t\t\t\t<div class=\"elementor-element elementor-element-9d01b27 elementor-widget elementor-widget-heading\" data-id=\"9d01b27\" data-element_type=\"widget\" data-e-type=\"widget\" data-widget_type=\"heading.default\">\n\t\t\t\t\t<h2 class=\"elementor-heading-title elementor-size-default\">Politique pour l\u2019\u00e9galit\u00e9 de genre<\/h2>\t\t\t\t<\/div>\n\t\t\t\t<div class=\"elementor-element elementor-element-c055ba2 elementor-widget elementor-widget-text-editor\" data-id=\"c055ba2\" data-element_type=\"widget\" data-e-type=\"widget\" data-widget_type=\"text-editor.default\">\n\t\t\t\t\t\t\t\t\t<p><strong>LMV S.p.A.<\/strong> s\u2019engage \u00e0 soutenir les valeurs de diversit\u00e9, d\u2019inclusion et d\u2019\u00e9galit\u00e9 de genre \u00e0 travers l\u2019adoption de m\u00e9canismes soci\u00e9taires, organisationnels et manag\u00e9riaux fond\u00e9s sur le respect des droits, de la libert\u00e9 et de la dignit\u00e9 des personnes.<br \/><br \/>En particulier, notre entreprise s\u2019est dot\u00e9e d\u2019un syst\u00e8me de management int\u00e9gr\u00e9 conforme \u00e0 la norme UNI\/PdR 125. En effet, l\u2019entreprise op\u00e8re selon les lignes directrices de la pratique UNI\/PdR 125:2022, en adoptant une approche bas\u00e9e sur l\u2019impartialit\u00e9 et en n\u2019admettant aucune forme de discrimination directe ou indirecte, multiple ou interconnect\u00e9e, li\u00e9e au genre, \u00e0 l\u2019\u00e2ge, \u00e0 l\u2019orientation et \u00e0 l\u2019identit\u00e9 sexuelle, au handicap, \u00e0 l\u2019\u00e9tat de sant\u00e9, \u00e0 l\u2019origine ethnique, \u00e0 la nationalit\u00e9, aux opinions politiques, \u00e0 la cat\u00e9gorie sociale d\u2019appartenance ou \u00e0 la religion.<br \/><br \/>Elle promeut \u00e9galement des conditions permettant de lever les obstacles culturels, organisationnels et mat\u00e9riels qui limitent la pleine expression des personnes et leur valorisation compl\u00e8te au sein de l\u2019organisation.<br \/><br \/>Notre organisation, conform\u00e9ment \u00e0 l\u2019objectif du syst\u00e8me de management d\u00e9fini par la pratique UNI\/PdR 125:2022, entend assurer l\u2019\u00e9galit\u00e9 de genre en ce qui concerne la pr\u00e9sence et l\u2019\u00e9volution professionnelle des femmes au sein de l\u2019entreprise. \u00c0 cet \u00e9gard, elle vise \u00e0 valoriser les diversit\u00e9s pr\u00e9sentes dans les r\u00f4les qui op\u00e8rent au sein de l\u2019organisation et \u00e0 maintenir des processus capables de d\u00e9velopper l\u2019autonomisation des femmes dans les activit\u00e9s business.<br \/><br \/><strong>LMV S.p.A.<\/strong> estime que le d\u00e9veloppement d\u2019un mod\u00e8le culturel promouvant l\u2019\u00e9galit\u00e9 de genre constitue un facteur de croissance pour les activit\u00e9s men\u00e9es par l\u2019organisation.<\/p>\t\t\t\t\t\t\t\t<\/div>\n\t\t\t\t<div class=\"elementor-element elementor-element-b2d2576 elementor-widget elementor-widget-button\" data-id=\"b2d2576\" data-element_type=\"widget\" data-e-type=\"widget\" data-widget_type=\"button.default\">\n\t\t\t\t\t\t\t\t\t\t<a class=\"elementor-button elementor-button-link elementor-size-sm\" href=\"http:\/\/lmvworld.com\/wp-content\/uploads\/2025\/10\/POLITICA_DELLA_PARITA_DI_GENERE.pdf\" target=\"_blank\">\n\t\t\t\t\t\t<span class=\"elementor-button-content-wrapper\">\n\t\t\t\t\t\t<span class=\"elementor-button-icon\">\n\t\t\t\t<svg aria-hidden=\"true\" class=\"e-font-icon-svg e-far-arrow-alt-circle-down\" viewBox=\"0 0 512 512\" xmlns=\"http:\/\/www.w3.org\/2000\/svg\"><path d=\"M256 8C119 8 8 119 8 256s111 248 248 248 248-111 248-248S393 8 256 8zm0 448c-110.5 0-200-89.5-200-200S145.5 56 256 56s200 89.5 200 200-89.5 200-200 200zm-32-316v116h-67c-10.7 0-16 12.9-8.5 20.5l99 99c4.7 4.7 12.3 4.7 17 0l99-99c7.6-7.6 2.2-20.5-8.5-20.5h-67V140c0-6.6-5.4-12-12-12h-40c-6.6 0-12 5.4-12 12z\"><\/path><\/svg>\t\t\t<\/span>\n\t\t\t\t\t\t\t\t\t<span class=\"elementor-button-text\">T\u00e9l\u00e9charger le document<\/span>\n\t\t\t\t\t<\/span>\n\t\t\t\t\t<\/a>\n\t\t\t\t\t\t\t\t<\/div>\n\t\t\t\t\t<\/div>\n\t\t\t\t<\/div>\n\t\t<div class=\"elementor-element elementor-element-b0a2a36 e-flex e-con-boxed e-con e-parent\" data-id=\"b0a2a36\" data-element_type=\"container\" data-e-type=\"container\" data-settings=\"{&quot;jet_parallax_layout_list&quot;:[]}\">\n\t\t\t\t\t<div class=\"e-con-inner\">\n\t\t\t\t<div class=\"elementor-element elementor-element-ae4fb28 elementor-widget elementor-widget-heading\" data-id=\"ae4fb28\" data-element_type=\"widget\" data-e-type=\"widget\" data-widget_type=\"heading.default\">\n\t\t\t\t\t<h2 class=\"elementor-heading-title elementor-size-default\">Signalements relatifs \u00e0 l\u2019\u00e9galit\u00e9 de genre<\/h2>\t\t\t\t<\/div>\n\t\t\t\t<div class=\"elementor-element elementor-element-42a9480 elementor-widget elementor-widget-text-editor\" data-id=\"42a9480\" data-element_type=\"widget\" data-e-type=\"widget\" data-widget_type=\"text-editor.default\">\n\t\t\t\t\t\t\t\t\t<p>Avez-vous subi ou \u00e9t\u00e9 t\u00e9moin de comportements contraires \u00e0 nos principes d\u2019\u00e9galit\u00e9 ?<br \/>Remplissez le formulaire ci-dessous pour envoyer un signalement anonyme directement \u00e0 notre Responsable de l\u2019\u00e9galit\u00e9 de genre.<br \/><br \/><em>(Remarque : aucune information personnelle ne sera enregistr\u00e9e ni trac\u00e9e.)<\/em><\/p>\t\t\t\t\t\t\t\t<\/div>\n\t\t\t\t\t<\/div>\n\t\t\t\t<\/div>\n\t\t<div class=\"elementor-element elementor-element-f114bc6 e-flex e-con-boxed e-con e-parent\" data-id=\"f114bc6\" data-element_type=\"container\" data-e-type=\"container\" data-settings=\"{&quot;background_background&quot;:&quot;classic&quot;,&quot;jet_parallax_layout_list&quot;:[]}\">\n\t\t\t\t\t<div class=\"e-con-inner\">\n\t\t<div class=\"elementor-element elementor-element-8f96f83 e-con-full e-flex e-con e-child\" data-id=\"8f96f83\" data-element_type=\"container\" data-e-type=\"container\" data-settings=\"{&quot;jet_parallax_layout_list&quot;:[]}\">\n\t\t\t\t<div class=\"elementor-element elementor-element-27a3a62 elementor-button-align-stretch elementor-widget elementor-widget-form\" data-id=\"27a3a62\" data-element_type=\"widget\" data-e-type=\"widget\" data-settings=\"{&quot;step_next_label&quot;:&quot;Successivo&quot;,&quot;step_previous_label&quot;:&quot;Precedente&quot;,&quot;button_width&quot;:&quot;100&quot;,&quot;step_type&quot;:&quot;number_text&quot;,&quot;step_icon_shape&quot;:&quot;circle&quot;}\" data-widget_type=\"form.default\">\n\t\t\t\t\t\t\t<form class=\"elementor-form\" method=\"post\" name=\"Nuovo modulo\" aria-label=\"Nuovo modulo\">\n\t\t\t<input type=\"hidden\" name=\"post_id\" value=\"1628\"\/>\n\t\t\t<input type=\"hidden\" name=\"form_id\" value=\"27a3a62\"\/>\n\t\t\t<input type=\"hidden\" name=\"referer_title\" value=\"Politique d&#039;\u00e9galit\u00e9 des sexes\" \/>\n\n\t\t\t\t\t\t\t<input type=\"hidden\" name=\"queried_id\" value=\"1628\"\/>\n\t\t\t\n\t\t\t<div class=\"elementor-form-fields-wrapper elementor-labels-above\">\n\t\t\t\t\t\t\t\t<div class=\"elementor-field-type-textarea elementor-field-group elementor-column elementor-field-group-message elementor-col-100\">\n\t\t\t\t\t\t\t\t\t\t\t\t<label for=\"form-field-message\" class=\"elementor-field-label\">\n\t\t\t\t\t\t\t\tD\u00e9crivez le comportement \u00e0 l\u2019origine du signalement\t\t\t\t\t\t\t<\/label>\n\t\t\t\t\t\t<textarea class=\"elementor-field-textual elementor-field  elementor-size-sm\" name=\"form_fields[message]\" id=\"form-field-message\" rows=\"4\" placeholder=\"D\u00e9crivez le comportement \u00e0 l\u2019origine du signalement\"><\/textarea>\t\t\t\t<\/div>\n\t\t\t\t\t\t\t\t<div class=\"elementor-field-group elementor-column elementor-field-type-submit elementor-col-100 e-form__buttons\">\n\t\t\t\t\t<button class=\"elementor-button elementor-size-sm\" type=\"submit\">\n\t\t\t\t\t\t<span class=\"elementor-button-content-wrapper\">\n\t\t\t\t\t\t\t\t\t\t\t\t\t\t\t\t\t\t\t\t\t\t<span class=\"elementor-button-text\">Envoyer le signalement<\/span>\n\t\t\t\t\t\t\t\t\t\t\t\t\t<\/span>\n\t\t\t\t\t<\/button>\n\t\t\t\t<\/div>\n\t\t\t<\/div>\n\t\t<\/form>\n\t\t\t\t\t\t<\/div>\n\t\t\t\t<\/div>\n\t\t\t\t\t<\/div>\n\t\t\t\t<\/div>\n\t\t\t\t<\/div>\n\t\t","protected":false},"excerpt":{"rendered":"<p>Politique pour l\u2019\u00e9galit\u00e9 de genre LMV S.p.A. s\u2019engage \u00e0 soutenir les valeurs de diversit\u00e9, d\u2019inclusion et d\u2019\u00e9galit\u00e9 de genre \u00e0 travers l\u2019adoption de m\u00e9canismes soci\u00e9taires, organisationnels et manag\u00e9riaux fond\u00e9s sur le respect des droits, de la libert\u00e9 et de la dignit\u00e9 des personnes. En particulier, notre entreprise s\u2019est dot\u00e9e d\u2019un syst\u00e8me de management int\u00e9gr\u00e9 conforme [&hellip;]<\/p>\n","protected":false},"author":1,"featured_media":0,"parent":0,"menu_order":0,"comment_status":"closed","ping_status":"closed","template":"elementor_header_footer","meta":{"_acf_changed":false,"footnotes":""},"class_list":["post-1628","page","type-page","status-publish","hentry"],"acf":[],"yoast_head":"<!-- This site is optimized with the Yoast SEO plugin v27.1.1 - https:\/\/yoast.com\/product\/yoast-seo-wordpress\/ -->\n<title>Politique d&#039;\u00e9galit\u00e9 des sexes<\/title>\n<meta name=\"description\" content=\"LMV S.p.A. s\u2019engage \u00e0 promouvoir les valeurs de diversit\u00e9, d\u2019inclusion et d\u2019\u00e9galit\u00e9 des genres. En savoir plus.\" \/>\n<meta name=\"robots\" content=\"index, follow, max-snippet:-1, max-image-preview:large, max-video-preview:-1\" \/>\n<link rel=\"canonical\" href=\"https:\/\/lmvworld.com\/fr\/pdr\/\" \/>\n<meta property=\"og:locale\" content=\"fr_FR\" \/>\n<meta property=\"og:type\" content=\"article\" \/>\n<meta property=\"og:title\" content=\"Politique d&#039;\u00e9galit\u00e9 des sexes\" \/>\n<meta property=\"og:description\" content=\"LMV S.p.A. s\u2019engage \u00e0 promouvoir les valeurs de diversit\u00e9, d\u2019inclusion et d\u2019\u00e9galit\u00e9 des genres. En savoir plus.\" \/>\n<meta property=\"og:url\" content=\"https:\/\/lmvworld.com\/fr\/pdr\/\" \/>\n<meta property=\"og:site_name\" content=\"LMV\" \/>\n<meta property=\"article:publisher\" content=\"https:\/\/www.facebook.com\/lmvworld\/?locale=it_IT\" \/>\n<meta property=\"article:modified_time\" content=\"2026-03-09T14:43:59+00:00\" \/>\n<meta name=\"twitter:card\" content=\"summary_large_image\" \/>\n<meta name=\"twitter:label1\" content=\"Dur\u00e9e de lecture estim\u00e9e\" \/>\n\t<meta name=\"twitter:data1\" content=\"2 minutes\" \/>\n<script type=\"application\/ld+json\" class=\"yoast-schema-graph\">{\"@context\":\"https:\/\/schema.org\",\"@graph\":[{\"@type\":\"WebPage\",\"@id\":\"https:\/\/lmvworld.com\/fr\/pdr\/\",\"url\":\"https:\/\/lmvworld.com\/fr\/pdr\/\",\"name\":\"Politique d'\u00e9galit\u00e9 des sexes\",\"isPartOf\":{\"@id\":\"https:\/\/lmvworld.com\/fr\/#website\"},\"datePublished\":\"2025-09-26T11:43:58+00:00\",\"dateModified\":\"2026-03-09T14:43:59+00:00\",\"description\":\"LMV S.p.A. s\u2019engage \u00e0 promouvoir les valeurs de diversit\u00e9, d\u2019inclusion et d\u2019\u00e9galit\u00e9 des genres. En savoir plus.\",\"breadcrumb\":{\"@id\":\"https:\/\/lmvworld.com\/fr\/pdr\/#breadcrumb\"},\"inLanguage\":\"fr-FR\",\"potentialAction\":[{\"@type\":\"ReadAction\",\"target\":[\"https:\/\/lmvworld.com\/fr\/pdr\/\"]}]},{\"@type\":\"BreadcrumbList\",\"@id\":\"https:\/\/lmvworld.com\/fr\/pdr\/#breadcrumb\",\"itemListElement\":[{\"@type\":\"ListItem\",\"position\":1,\"name\":\"Home\",\"item\":\"https:\/\/lmvworld.com\/fr\/\"},{\"@type\":\"ListItem\",\"position\":2,\"name\":\"Pdr\"}]},{\"@type\":\"WebSite\",\"@id\":\"https:\/\/lmvworld.com\/fr\/#website\",\"url\":\"https:\/\/lmvworld.com\/fr\/\",\"name\":\"LMV\",\"description\":\"\",\"publisher\":{\"@id\":\"https:\/\/lmvworld.com\/fr\/#organization\"},\"potentialAction\":[{\"@type\":\"SearchAction\",\"target\":{\"@type\":\"EntryPoint\",\"urlTemplate\":\"https:\/\/lmvworld.com\/fr\/?s={search_term_string}\"},\"query-input\":{\"@type\":\"PropertyValueSpecification\",\"valueRequired\":true,\"valueName\":\"search_term_string\"}}],\"inLanguage\":\"fr-FR\"},{\"@type\":\"Organization\",\"@id\":\"https:\/\/lmvworld.com\/fr\/#organization\",\"name\":\"LMV\",\"url\":\"https:\/\/lmvworld.com\/fr\/\",\"logo\":{\"@type\":\"ImageObject\",\"inLanguage\":\"fr-FR\",\"@id\":\"https:\/\/lmvworld.com\/fr\/#\/schema\/logo\/image\/\",\"url\":\"https:\/\/lmvworld.com\/wp-content\/uploads\/2026\/03\/Esecutivo-Logo-LMV-e1773654030929.jpg\",\"contentUrl\":\"https:\/\/lmvworld.com\/wp-content\/uploads\/2026\/03\/Esecutivo-Logo-LMV-e1773654030929.jpg\",\"width\":595,\"height\":595,\"caption\":\"LMV\"},\"image\":{\"@id\":\"https:\/\/lmvworld.com\/fr\/#\/schema\/logo\/image\/\"},\"sameAs\":[\"https:\/\/www.facebook.com\/lmvworld\/?locale=it_IT\",\"https:\/\/www.instagram.com\/lmvworld\/?hl=it\",\"https:\/\/www.linkedin.com\/company\/lmvgroup\/\"]}]}<\/script>\n<!-- \/ Yoast SEO plugin. -->","yoast_head_json":{"title":"Politique d'\u00e9galit\u00e9 des sexes","description":"LMV S.p.A. s\u2019engage \u00e0 promouvoir les valeurs de diversit\u00e9, d\u2019inclusion et d\u2019\u00e9galit\u00e9 des genres. En savoir plus.","robots":{"index":"index","follow":"follow","max-snippet":"max-snippet:-1","max-image-preview":"max-image-preview:large","max-video-preview":"max-video-preview:-1"},"canonical":"https:\/\/lmvworld.com\/fr\/pdr\/","og_locale":"fr_FR","og_type":"article","og_title":"Politique d'\u00e9galit\u00e9 des sexes","og_description":"LMV S.p.A. s\u2019engage \u00e0 promouvoir les valeurs de diversit\u00e9, d\u2019inclusion et d\u2019\u00e9galit\u00e9 des genres. En savoir plus.","og_url":"https:\/\/lmvworld.com\/fr\/pdr\/","og_site_name":"LMV","article_publisher":"https:\/\/www.facebook.com\/lmvworld\/?locale=it_IT","article_modified_time":"2026-03-09T14:43:59+00:00","twitter_card":"summary_large_image","twitter_misc":{"Dur\u00e9e de lecture estim\u00e9e":"2 minutes"},"schema":{"@context":"https:\/\/schema.org","@graph":[{"@type":"WebPage","@id":"https:\/\/lmvworld.com\/fr\/pdr\/","url":"https:\/\/lmvworld.com\/fr\/pdr\/","name":"Politique d'\u00e9galit\u00e9 des sexes","isPartOf":{"@id":"https:\/\/lmvworld.com\/fr\/#website"},"datePublished":"2025-09-26T11:43:58+00:00","dateModified":"2026-03-09T14:43:59+00:00","description":"LMV S.p.A. s\u2019engage \u00e0 promouvoir les valeurs de diversit\u00e9, d\u2019inclusion et d\u2019\u00e9galit\u00e9 des genres. En savoir plus.","breadcrumb":{"@id":"https:\/\/lmvworld.com\/fr\/pdr\/#breadcrumb"},"inLanguage":"fr-FR","potentialAction":[{"@type":"ReadAction","target":["https:\/\/lmvworld.com\/fr\/pdr\/"]}]},{"@type":"BreadcrumbList","@id":"https:\/\/lmvworld.com\/fr\/pdr\/#breadcrumb","itemListElement":[{"@type":"ListItem","position":1,"name":"Home","item":"https:\/\/lmvworld.com\/fr\/"},{"@type":"ListItem","position":2,"name":"Pdr"}]},{"@type":"WebSite","@id":"https:\/\/lmvworld.com\/fr\/#website","url":"https:\/\/lmvworld.com\/fr\/","name":"LMV","description":"","publisher":{"@id":"https:\/\/lmvworld.com\/fr\/#organization"},"potentialAction":[{"@type":"SearchAction","target":{"@type":"EntryPoint","urlTemplate":"https:\/\/lmvworld.com\/fr\/?s={search_term_string}"},"query-input":{"@type":"PropertyValueSpecification","valueRequired":true,"valueName":"search_term_string"}}],"inLanguage":"fr-FR"},{"@type":"Organization","@id":"https:\/\/lmvworld.com\/fr\/#organization","name":"LMV","url":"https:\/\/lmvworld.com\/fr\/","logo":{"@type":"ImageObject","inLanguage":"fr-FR","@id":"https:\/\/lmvworld.com\/fr\/#\/schema\/logo\/image\/","url":"https:\/\/lmvworld.com\/wp-content\/uploads\/2026\/03\/Esecutivo-Logo-LMV-e1773654030929.jpg","contentUrl":"https:\/\/lmvworld.com\/wp-content\/uploads\/2026\/03\/Esecutivo-Logo-LMV-e1773654030929.jpg","width":595,"height":595,"caption":"LMV"},"image":{"@id":"https:\/\/lmvworld.com\/fr\/#\/schema\/logo\/image\/"},"sameAs":["https:\/\/www.facebook.com\/lmvworld\/?locale=it_IT","https:\/\/www.instagram.com\/lmvworld\/?hl=it","https:\/\/www.linkedin.com\/company\/lmvgroup\/"]}]}},"_links":{"self":[{"href":"https:\/\/lmvworld.com\/fr\/wp-json\/wp\/v2\/pages\/1628","targetHints":{"allow":["GET"]}}],"collection":[{"href":"https:\/\/lmvworld.com\/fr\/wp-json\/wp\/v2\/pages"}],"about":[{"href":"https:\/\/lmvworld.com\/fr\/wp-json\/wp\/v2\/types\/page"}],"author":[{"embeddable":true,"href":"https:\/\/lmvworld.com\/fr\/wp-json\/wp\/v2\/users\/1"}],"replies":[{"embeddable":true,"href":"https:\/\/lmvworld.com\/fr\/wp-json\/wp\/v2\/comments?post=1628"}],"version-history":[{"count":7,"href":"https:\/\/lmvworld.com\/fr\/wp-json\/wp\/v2\/pages\/1628\/revisions"}],"predecessor-version":[{"id":1951,"href":"https:\/\/lmvworld.com\/fr\/wp-json\/wp\/v2\/pages\/1628\/revisions\/1951"}],"wp:attachment":[{"href":"https:\/\/lmvworld.com\/fr\/wp-json\/wp\/v2\/media?parent=1628"}],"curies":[{"name":"wp","href":"https:\/\/api.w.org\/{rel}","templated":true}]}}